{"id":545,"date":"2018-03-12T19:24:36","date_gmt":"2018-03-12T18:24:36","guid":{"rendered":"http:\/\/www.charvat-hykom.cz\/?page_id=545"},"modified":"2018-03-12T19:24:36","modified_gmt":"2018-03-12T18:24:36","slug":"referenz","status":"publish","type":"page","link":"https:\/\/www.charvat-hykom.cz\/de\/referenz\/","title":{"rendered":"Referenz"},"content":{"rendered":"<p>Unser Vorteil ist vornehmlich vollkommene Erkenntnis der Bedarfe unserer Kunden und ihrer Produktebesonderheiten.<\/p>\n<p>Unsere Applikationen und Hydraulikaggregate kann man in allen Industriezweigen finden.<\/p>\n<p>Sie k\u00f6nnen unsere Aggregate und Systemen bei Werkzeug- und Formungsmaschinen, in den Nutzaufbau der Automobile, kleinen Flugzeuge, den Schiffen, den Baumaschinen, bei Bergbau, \u00d6lf\u00f6rderung, Holzernte und Gewinnung und Behandlung.<\/p>\n<p>Unsere Spezialit\u00e4t sind ma\u00dfgeschneiderte L\u00f6sungen.<\/p>\n<div id='gallery-1' class='gallery galleryid-545 gallery-columns-3 gallery-size-gallery'><dl class='gallery-item'>\n\t\t\t<dt class='gallery-icon landscape'>\n\t\t\t\t<a href='https:\/\/www.charvat-hykom.cz\/wp-content\/uploads\/reference_1.jpg'><img loading=\"lazy\" decoding=\"async\" width=\"424\" height=\"288\" src=\"https:\/\/www.charvat-hykom.cz\/wp-content\/uploads\/reference_1-424x288.jpg\" class=\"attachment-gallery size-gallery\" alt=\"\" \/><\/a>\n\t\t\t<\/dt><\/dl><dl class='gallery-item'>\n\t\t\t<dt class='gallery-icon landscape'>\n\t\t\t\t<a href='https:\/\/www.charvat-hykom.cz\/wp-content\/uploads\/reference_2-1200x900.jpg'><img loading=\"lazy\" decoding=\"async\" width=\"424\" height=\"288\" src=\"https:\/\/www.charvat-hykom.cz\/wp-content\/uploads\/reference_2-424x288.jpg\" class=\"attachment-gallery size-gallery\" alt=\"\" \/><\/a>\n\t\t\t<\/dt><\/dl><dl class='gallery-item'>\n\t\t\t<dt class='gallery-icon landscape'>\n\t\t\t\t<a href='https:\/\/www.charvat-hykom.cz\/wp-content\/uploads\/reference_3-1200x900.jpg'><img loading=\"lazy\" decoding=\"async\" width=\"424\" height=\"288\" src=\"https:\/\/www.charvat-hykom.cz\/wp-content\/uploads\/reference_3-424x288.jpg\" class=\"attachment-gallery size-gallery\" alt=\"\" \/><\/a>\n\t\t\t<\/dt><\/dl><br style=\"clear: both\" \/>\n\t\t<\/div>\n\n","protected":false},"excerpt":{"rendered":"<p>Unser Vorteil ist vornehmlich vollkommene Erkenntnis der Bedarfe unserer Kunden und ihrer Produktebesonderheiten. Unsere Applikationen und Hydraulikaggregate kann man in allen Industriezweigen finden. Sie k\u00f6nnen unsere Aggregate und Systemen bei Werkzeug- und Formungsmaschinen, in den Nutzaufbau der Automobile, kleinen Flugzeuge, den Schiffen, den Baumaschinen, bei Bergbau, \u00d6lf\u00f6rderung, Holzernte und Gewinnung und Behandlung. Unsere Spezialit\u00e4t sind [&hellip;]<\/p>\n","protected":false},"author":1,"featured_media":0,"parent":0,"menu_order":0,"comment_status":"closed","ping_status":"closed","template":"","meta":{"_acf_changed":false,"footnotes":""},"class_list":["post-545","page","type-page","status-publish","hentry"],"acf":[],"_links":{"self":[{"href":"https:\/\/www.charvat-hykom.cz\/de\/wp-json\/wp\/v2\/pages\/545","targetHints":{"allow":["GET"]}}],"collection":[{"href":"https:\/\/www.charvat-hykom.cz\/de\/wp-json\/wp\/v2\/pages"}],"about":[{"href":"https:\/\/www.charvat-hykom.cz\/de\/wp-json\/wp\/v2\/types\/page"}],"author":[{"embeddable":true,"href":"https:\/\/www.charvat-hykom.cz\/de\/wp-json\/wp\/v2\/users\/1"}],"replies":[{"embeddable":true,"href":"https:\/\/www.charvat-hykom.cz\/de\/wp-json\/wp\/v2\/comments?post=545"}],"version-history":[{"count":1,"href":"https:\/\/www.charvat-hykom.cz\/de\/wp-json\/wp\/v2\/pages\/545\/revisions"}],"predecessor-version":[{"id":546,"href":"https:\/\/www.charvat-hykom.cz\/de\/wp-json\/wp\/v2\/pages\/545\/revisions\/546"}],"wp:attachment":[{"href":"https:\/\/www.charvat-hykom.cz\/de\/wp-json\/wp\/v2\/media?parent=545"}],"curies":[{"name":"wp","href":"https:\/\/api.w.org\/{rel}","templated":true}]}}