{"id":526,"date":"2018-03-12T17:59:49","date_gmt":"2018-03-12T16:59:49","guid":{"rendered":"http:\/\/www.charvat-hykom.cz\/?page_id=526"},"modified":"2018-08-28T12:45:45","modified_gmt":"2018-08-28T10:45:45","slug":"qualitaet","status":"publish","type":"page","link":"https:\/\/www.charvat-hykom.cz\/de\/qualitaet\/","title":{"rendered":"Qualit\u00e4t"},"content":{"rendered":"<p>Wegen der Qualit\u00e4tskontrolle nach der Norm ISO 9001 k\u00f6nnen wir die hohe Qualit\u00e4t unserer Produkte dokumentieren und garantieren. Die Qualit\u00e4t ist der Bestandteil unserer Unternehmensphilosophie.<\/p>\n<p>Wir legen Wert auf Fehlerlosigkeit sowieso auf Servicehinterland und die Qualifikation unserer Mitarbeiter.<\/p>\n<div id='gallery-1' class='gallery galleryid-526 gallery-columns-3 gallery-size-gallery'><dl class='gallery-item'>\n\t\t\t<dt class='gallery-icon portrait'>\n\t\t\t\t<a href='https:\/\/www.charvat-hykom.cz\/wp-content\/uploads\/29510930_2020182911639264_2465117827580142897_n.jpg'><img loading=\"lazy\" decoding=\"async\" width=\"424\" height=\"288\" src=\"https:\/\/www.charvat-hykom.cz\/wp-content\/uploads\/29510930_2020182911639264_2465117827580142897_n-424x288.jpg\" class=\"attachment-gallery size-gallery\" alt=\"\" \/><\/a>\n\t\t\t<\/dt><\/dl>\n\t\t\t<br style='clear: both' \/>\n\t\t<\/div>\n\n","protected":false},"excerpt":{"rendered":"<p>Wegen der Qualit\u00e4tskontrolle nach der Norm ISO 9001 k\u00f6nnen wir die hohe Qualit\u00e4t unserer Produkte dokumentieren und garantieren. Die Qualit\u00e4t ist der Bestandteil unserer Unternehmensphilosophie. Wir legen Wert auf Fehlerlosigkeit sowieso auf Servicehinterland und die Qualifikation unserer Mitarbeiter.<\/p>\n","protected":false},"author":1,"featured_media":0,"parent":0,"menu_order":0,"comment_status":"closed","ping_status":"closed","template":"","meta":{"_acf_changed":false,"footnotes":""},"class_list":["post-526","page","type-page","status-publish","hentry"],"acf":[],"_links":{"self":[{"href":"https:\/\/www.charvat-hykom.cz\/de\/wp-json\/wp\/v2\/pages\/526","targetHints":{"allow":["GET"]}}],"collection":[{"href":"https:\/\/www.charvat-hykom.cz\/de\/wp-json\/wp\/v2\/pages"}],"about":[{"href":"https:\/\/www.charvat-hykom.cz\/de\/wp-json\/wp\/v2\/types\/page"}],"author":[{"embeddable":true,"href":"https:\/\/www.charvat-hykom.cz\/de\/wp-json\/wp\/v2\/users\/1"}],"replies":[{"embeddable":true,"href":"https:\/\/www.charvat-hykom.cz\/de\/wp-json\/wp\/v2\/comments?post=526"}],"version-history":[{"count":2,"href":"https:\/\/www.charvat-hykom.cz\/de\/wp-json\/wp\/v2\/pages\/526\/revisions"}],"predecessor-version":[{"id":723,"href":"https:\/\/www.charvat-hykom.cz\/de\/wp-json\/wp\/v2\/pages\/526\/revisions\/723"}],"wp:attachment":[{"href":"https:\/\/www.charvat-hykom.cz\/de\/wp-json\/wp\/v2\/media?parent=526"}],"curies":[{"name":"wp","href":"https:\/\/api.w.org\/{rel}","templated":true}]}}