{"id":519,"date":"2018-03-12T17:48:54","date_gmt":"2018-03-12T16:48:54","guid":{"rendered":"http:\/\/www.charvat-hykom.cz\/?page_id=519"},"modified":"2018-03-12T17:54:38","modified_gmt":"2018-03-12T16:54:38","slug":"produktion","status":"publish","type":"page","link":"https:\/\/www.charvat-hykom.cz\/de\/produktion\/","title":{"rendered":"Produktion"},"content":{"rendered":"<p>Im unseren Unternehmen, stellen wir eine breite Palette von Hydraulikaggregate und Systemen her. Moderne Produktionshalle und unsere Angestelltenqualifikation verb\u00f6gen die Einhaltung der technologischen Prozesse im Hinblick auf die Qualit\u00e4t, die Montage und die Reinheit der Montageumwelt. Die Herstellung wird durch Erkenntnisse, die Verarbeitung Handfertigkeit, die Praxis, die Verantwortung und Arbeitsumweltsauberkeit.<\/p>\n<p>F\u00fcr Herstellung verwenden wir au\u00dfer den Standardger\u00e4te und Standardausr\u00fcstung auch speziell Ger\u00e4te und Ausr\u00fcstung. Zu dem Montage geh\u00f6rt auch Qualit\u00e4tschemiegebrauch, die auf Grund der neuesten Technologie produziert wird. Richtige Montage und Qualit\u00e4tsarbeit verlangen keine weitere Service-eingriffe und beim Abnehmer und minimalisieren Herstellungsverluste der Kunden.<\/p>\n<p>Alle unsere Produkte werden vor der Auslieferung an den Kunden gepr\u00fcft. Die Aggregate kommen von uns immer mit dem Pr\u00fcfbericht.<\/p>\n<div id='gallery-1' class='gallery galleryid-519 gallery-columns-3 gallery-size-gallery'><dl class='gallery-item'>\n\t\t\t<dt class='gallery-icon portrait'>\n\t\t\t\t<a href='https:\/\/www.charvat-hykom.cz\/wp-content\/uploads\/vyroba_1-799x1200.jpg'><img loading=\"lazy\" decoding=\"async\" width=\"424\" height=\"288\" src=\"https:\/\/www.charvat-hykom.cz\/wp-content\/uploads\/vyroba_1-424x288.jpg\" class=\"attachment-gallery size-gallery\" alt=\"\" \/><\/a>\n\t\t\t<\/dt><\/dl><dl class='gallery-item'>\n\t\t\t<dt class='gallery-icon landscape'>\n\t\t\t\t<a href='https:\/\/www.charvat-hykom.cz\/wp-content\/uploads\/vyroba_2.jpg'><img loading=\"lazy\" decoding=\"async\" width=\"424\" height=\"288\" src=\"https:\/\/www.charvat-hykom.cz\/wp-content\/uploads\/vyroba_2-424x288.jpg\" class=\"attachment-gallery size-gallery\" alt=\"\" \/><\/a>\n\t\t\t<\/dt><\/dl>\n\t\t\t<br style='clear: both' \/>\n\t\t<\/div>\n\n","protected":false},"excerpt":{"rendered":"<p>Im unseren Unternehmen, stellen wir eine breite Palette von Hydraulikaggregate und Systemen her. Moderne Produktionshalle und unsere Angestelltenqualifikation verb\u00f6gen die Einhaltung der technologischen Prozesse im Hinblick auf die Qualit\u00e4t, die Montage und die Reinheit der Montageumwelt. Die Herstellung wird durch Erkenntnisse, die Verarbeitung Handfertigkeit, die Praxis, die Verantwortung und Arbeitsumweltsauberkeit. F\u00fcr Herstellung verwenden wir au\u00dfer [&hellip;]<\/p>\n","protected":false},"author":1,"featured_media":0,"parent":0,"menu_order":0,"comment_status":"closed","ping_status":"closed","template":"","meta":{"_acf_changed":false,"footnotes":""},"class_list":["post-519","page","type-page","status-publish","hentry"],"acf":[],"_links":{"self":[{"href":"https:\/\/www.charvat-hykom.cz\/de\/wp-json\/wp\/v2\/pages\/519","targetHints":{"allow":["GET"]}}],"collection":[{"href":"https:\/\/www.charvat-hykom.cz\/de\/wp-json\/wp\/v2\/pages"}],"about":[{"href":"https:\/\/www.charvat-hykom.cz\/de\/wp-json\/wp\/v2\/types\/page"}],"author":[{"embeddable":true,"href":"https:\/\/www.charvat-hykom.cz\/de\/wp-json\/wp\/v2\/users\/1"}],"replies":[{"embeddable":true,"href":"https:\/\/www.charvat-hykom.cz\/de\/wp-json\/wp\/v2\/comments?post=519"}],"version-history":[{"count":1,"href":"https:\/\/www.charvat-hykom.cz\/de\/wp-json\/wp\/v2\/pages\/519\/revisions"}],"predecessor-version":[{"id":520,"href":"https:\/\/www.charvat-hykom.cz\/de\/wp-json\/wp\/v2\/pages\/519\/revisions\/520"}],"wp:attachment":[{"href":"https:\/\/www.charvat-hykom.cz\/de\/wp-json\/wp\/v2\/media?parent=519"}],"curies":[{"name":"wp","href":"https:\/\/api.w.org\/{rel}","templated":true}]}}