{"id":505,"date":"2018-03-12T17:41:05","date_gmt":"2018-03-12T16:41:05","guid":{"rendered":"http:\/\/www.charvat-hykom.cz\/?page_id=505"},"modified":"2018-03-12T17:42:54","modified_gmt":"2018-03-12T16:42:54","slug":"konstruktion","status":"publish","type":"page","link":"https:\/\/www.charvat-hykom.cz\/de\/konstruktion\/","title":{"rendered":"Konstruktion"},"content":{"rendered":"<p>Die Grundlage f\u00fcr den technischen L\u00f6sungsvorschlag ist gr\u00fcndliche Erkenntnisse der Kundenforderungen, ihrer Produktionsm\u00f6glichkeiten, Gewohnheiten, Unternehmensprinzipe und Anspr\u00fcche.<\/p>\n<p>Der technische Vorschlag ist ma\u00dfgeschneidert f\u00fcr bestimmte Applikation, immer unter Ber\u00fccksichtigung der Funktionsf\u00e4higkeit, des problemlosen Betrieb und entsprechender Lebensdauer.<\/p>\n<p>Die konkrete L\u00f6sung ist von der Einfachheit charakterisiert \u2013 weil die auf die Einfachheit die Funktionsf\u00e4higkeit-Garantie, kleinere Bedienungsanspr\u00fcche, die Wartung und schlie\u00dflich rentabel Betrieb.<\/p>\n<p>Die Projektdokumentation wird von den Systemen AutoCAD und Solidworks \u2013 3D verarbeitet.<\/p>\n<div id='gallery-1' class='gallery galleryid-505 gallery-columns-3 gallery-size-gallery'><dl class='gallery-item'>\n\t\t\t<dt class='gallery-icon landscape'>\n\t\t\t\t<a href='https:\/\/www.charvat-hykom.cz\/wp-content\/uploads\/konstrukce_1.jpg'><img loading=\"lazy\" decoding=\"async\" width=\"424\" height=\"288\" src=\"https:\/\/www.charvat-hykom.cz\/wp-content\/uploads\/konstrukce_1-424x288.jpg\" class=\"attachment-gallery size-gallery\" alt=\"\" \/><\/a>\n\t\t\t<\/dt><\/dl><dl class='gallery-item'>\n\t\t\t<dt class='gallery-icon landscape'>\n\t\t\t\t<a href='https:\/\/www.charvat-hykom.cz\/wp-content\/uploads\/konstrukce_2.jpg'><img loading=\"lazy\" decoding=\"async\" width=\"424\" height=\"288\" src=\"https:\/\/www.charvat-hykom.cz\/wp-content\/uploads\/konstrukce_2-424x288.jpg\" class=\"attachment-gallery size-gallery\" alt=\"\" \/><\/a>\n\t\t\t<\/dt><\/dl><dl class='gallery-item'>\n\t\t\t<dt class='gallery-icon landscape'>\n\t\t\t\t<a href='https:\/\/www.charvat-hykom.cz\/wp-content\/uploads\/konstrukce_3.jpg'><img loading=\"lazy\" decoding=\"async\" width=\"424\" height=\"288\" src=\"https:\/\/www.charvat-hykom.cz\/wp-content\/uploads\/konstrukce_3-424x288.jpg\" class=\"attachment-gallery size-gallery\" alt=\"\" \/><\/a>\n\t\t\t<\/dt><\/dl><br style=\"clear: both\" \/>\n\t\t<\/div>\n\n","protected":false},"excerpt":{"rendered":"<p>Die Grundlage f\u00fcr den technischen L\u00f6sungsvorschlag ist gr\u00fcndliche Erkenntnisse der Kundenforderungen, ihrer Produktionsm\u00f6glichkeiten, Gewohnheiten, Unternehmensprinzipe und Anspr\u00fcche. Der technische Vorschlag ist ma\u00dfgeschneidert f\u00fcr bestimmte Applikation, immer unter Ber\u00fccksichtigung der Funktionsf\u00e4higkeit, des problemlosen Betrieb und entsprechender Lebensdauer. Die konkrete L\u00f6sung ist von der Einfachheit charakterisiert \u2013 weil die auf die Einfachheit die Funktionsf\u00e4higkeit-Garantie, kleinere Bedienungsanspr\u00fcche, die [&hellip;]<\/p>\n","protected":false},"author":1,"featured_media":0,"parent":0,"menu_order":0,"comment_status":"closed","ping_status":"closed","template":"","meta":{"_acf_changed":false,"footnotes":""},"class_list":["post-505","page","type-page","status-publish","hentry"],"acf":[],"_links":{"self":[{"href":"https:\/\/www.charvat-hykom.cz\/de\/wp-json\/wp\/v2\/pages\/505","targetHints":{"allow":["GET"]}}],"collection":[{"href":"https:\/\/www.charvat-hykom.cz\/de\/wp-json\/wp\/v2\/pages"}],"about":[{"href":"https:\/\/www.charvat-hykom.cz\/de\/wp-json\/wp\/v2\/types\/page"}],"author":[{"embeddable":true,"href":"https:\/\/www.charvat-hykom.cz\/de\/wp-json\/wp\/v2\/users\/1"}],"replies":[{"embeddable":true,"href":"https:\/\/www.charvat-hykom.cz\/de\/wp-json\/wp\/v2\/comments?post=505"}],"version-history":[{"count":2,"href":"https:\/\/www.charvat-hykom.cz\/de\/wp-json\/wp\/v2\/pages\/505\/revisions"}],"predecessor-version":[{"id":510,"href":"https:\/\/www.charvat-hykom.cz\/de\/wp-json\/wp\/v2\/pages\/505\/revisions\/510"}],"wp:attachment":[{"href":"https:\/\/www.charvat-hykom.cz\/de\/wp-json\/wp\/v2\/media?parent=505"}],"curies":[{"name":"wp","href":"https:\/\/api.w.org\/{rel}","templated":true}]}}